{"id":15,"date":"2024-11-27T13:11:42","date_gmt":"2024-11-27T13:11:42","guid":{"rendered":"https:\/\/bitcoineer.biz\/?page_id=15"},"modified":"2025-04-07T10:57:23","modified_gmt":"2025-04-07T10:57:23","slug":"chi-siamo","status":"publish","type":"page","link":"https:\/\/bitcoineer.biz\/it\/about-us\/","title":{"rendered":"Chi siamo"},"content":{"rendered":"<div data-elementor-type=\"wp-page\" data-elementor-id=\"15\" class=\"elementor elementor-15\" data-elementor-post-type=\"page\">\n\t\t\t\t<div class=\"elementor-element elementor-element-301cee9 e-flex e-con-boxed e-con e-parent\" data-id=\"301cee9\" data-element_type=\"container\" data-e-type=\"container\" data-settings=\"{&quot;background_background&quot;:&quot;classic&quot;}\">\n\t\t\t\t\t<div class=\"e-con-inner\">\n\t\t\t\t<div class=\"elementor-element elementor-element-7eb837d elementor-widget elementor-widget-spacer\" data-id=\"7eb837d\" data-element_type=\"widget\" data-e-type=\"widget\" data-widget_type=\"spacer.default\">\n\t\t\t\t\t\t\t<div class=\"elementor-spacer\">\n\t\t\t<div class=\"elementor-spacer-inner\"><\/div>\n\t\t<\/div>\n\t\t\t\t\t\t<\/div>\n\t\t\t\t<div class=\"elementor-element elementor-element-095b293 elementor-widget elementor-widget-heading\" data-id=\"095b293\" data-element_type=\"widget\" data-e-type=\"widget\" data-widget_type=\"heading.default\">\n\t\t\t\t\t<h1 class=\"elementor-heading-title elementor-size-default\">Chi siamo \u2013 Bitcoineer\n<\/h1>\t\t\t\t<\/div>\n\t\t\t\t<div class=\"elementor-element elementor-element-5288457 elementor-widget__width-initial elementor-widget-tablet__width-initial elementor-widget elementor-widget-text-editor\" data-id=\"5288457\" data-element_type=\"widget\" data-e-type=\"widget\" data-widget_type=\"text-editor.default\">\n\t\t\t\t\t\t\t\t\t<p>Noi di Bitcoineer siamo appassionati di rivoluzionare i mercati finanziari unendo l'intelligenza artificiale all'avanguardia con l'esperienza umana. Il nostro team dedicato di trader esperti e ingegneri AI innovativi si sono uniti per costruire una piattaforma che consente alle persone di fare trading con sicurezza e profitto nel panorama delle criptovalute in continua evoluzione.<\/p>\t\t\t\t\t\t\t\t<\/div>\n\t\t\t\t<div class=\"elementor-element elementor-element-cfe472a elementor-widget elementor-widget-spacer\" data-id=\"cfe472a\" data-element_type=\"widget\" data-e-type=\"widget\" data-widget_type=\"spacer.default\">\n\t\t\t\t\t\t\t<div class=\"elementor-spacer\">\n\t\t\t<div class=\"elementor-spacer-inner\"><\/div>\n\t\t<\/div>\n\t\t\t\t\t\t<\/div>\n\t\t\t\t\t<\/div>\n\t\t\t\t<\/div>\n\t\t<div class=\"elementor-element elementor-element-0c46250 e-flex e-con-boxed e-con e-parent\" data-id=\"0c46250\" data-element_type=\"container\" data-e-type=\"container\">\n\t\t\t\t\t<div class=\"e-con-inner\">\n\t\t<div class=\"elementor-element elementor-element-82697dc e-con-full e-flex e-con e-child\" data-id=\"82697dc\" data-element_type=\"container\" data-e-type=\"container\">\n\t\t\t\t<div class=\"elementor-element elementor-element-7c5a768 elementor-hidden-mobile elementor-widget elementor-widget-image\" data-id=\"7c5a768\" data-element_type=\"widget\" data-e-type=\"widget\" data-widget_type=\"image.default\">\n\t\t\t\t\t\t\t\t\t\t\t\t\t\t\t<img fetchpriority=\"high\" decoding=\"async\" width=\"511\" height=\"329\" src=\"https:\/\/bitcoineer.biz\/wp-content\/uploads\/2024\/11\/bitcoin3.webp\" class=\"attachment-large size-large wp-image-656\" alt=\"Market Forecasts with Bitcoineer\" srcset=\"https:\/\/bitcoineer.biz\/wp-content\/uploads\/2024\/11\/bitcoin3.webp 511w, https:\/\/bitcoineer.biz\/wp-content\/uploads\/2024\/11\/bitcoin3-300x193.webp 300w\" sizes=\"(max-width: 511px) 100vw, 511px\" \/>\t\t\t\t\t\t\t\t\t\t\t\t\t\t\t<\/div>\n\t\t\t\t<\/div>\n\t\t<div class=\"elementor-element elementor-element-b759ca7 e-con-full e-flex e-con e-child\" data-id=\"b759ca7\" data-element_type=\"container\" data-e-type=\"container\">\n\t\t\t\t<div class=\"elementor-element elementor-element-6b0ec66 elementor-widget elementor-widget-heading\" data-id=\"6b0ec66\" data-element_type=\"widget\" data-e-type=\"widget\" data-widget_type=\"heading.default\">\n\t\t\t\t\t<h2 class=\"elementor-heading-title elementor-size-default\">I nostri bot AI avanzati <\/h2>\t\t\t\t<\/div>\n\t\t\t\t<div class=\"elementor-element elementor-element-3b3782c elementor-widget__width-initial elementor-widget elementor-widget-text-editor\" data-id=\"3b3782c\" data-element_type=\"widget\" data-e-type=\"widget\" data-widget_type=\"text-editor.default\">\n\t\t\t\t\t\t\t\t\t<p>I nostri bot AI avanzati sono il cuore della nostra piattaforma, meticolosamente progettati per analizzare grandi quantit\u00e0 di dati in tempo reale, individuare opportunit\u00e0 redditizie ed eseguire operazioni con velocit\u00e0 e precisione. Affinando continuamente i nostri algoritmi e sfruttando sofisticate tecniche di apprendimento automatico, garantiamo che i nostri bot possano adattarsi alle complessit\u00e0 dei mercati globali, offrendo prestazioni eccezionali e aiutandoti a rimanere all'avanguardia.<\/p>\t\t\t\t\t\t\t\t<\/div>\n\t\t\t\t<\/div>\n\t\t\t\t\t<\/div>\n\t\t\t\t<\/div>\n\t\t<div class=\"elementor-element elementor-element-feccc31 elementor-hidden-desktop elementor-hidden-tablet e-flex e-con-boxed e-con e-parent\" data-id=\"feccc31\" data-element_type=\"container\" data-e-type=\"container\">\n\t\t\t\t\t<div class=\"e-con-inner\">\n\t\t<div class=\"elementor-element elementor-element-5b502fb e-con-full e-flex e-con e-child\" data-id=\"5b502fb\" data-element_type=\"container\" data-e-type=\"container\">\n\t\t\t\t<div class=\"elementor-element elementor-element-18db357 elementor-widget elementor-widget-image\" data-id=\"18db357\" data-element_type=\"widget\" data-e-type=\"widget\" data-widget_type=\"image.default\">\n\t\t\t\t\t\t\t\t\t\t\t\t\t\t\t<img fetchpriority=\"high\" decoding=\"async\" width=\"511\" height=\"329\" src=\"https:\/\/bitcoineer.biz\/wp-content\/uploads\/2024\/11\/bitcoin3.webp\" class=\"attachment-large size-large wp-image-656\" alt=\"Market Forecasts with Bitcoineer\" srcset=\"https:\/\/bitcoineer.biz\/wp-content\/uploads\/2024\/11\/bitcoin3.webp 511w, https:\/\/bitcoineer.biz\/wp-content\/uploads\/2024\/11\/bitcoin3-300x193.webp 300w\" sizes=\"(max-width: 511px) 100vw, 511px\" \/>\t\t\t\t\t\t\t\t\t\t\t\t\t\t\t<\/div>\n\t\t\t\t<\/div>\n\t\t<div class=\"elementor-element elementor-element-7000f46 e-con-full elementor-hidden-mobile e-flex e-con e-child\" data-id=\"7000f46\" data-element_type=\"container\" data-e-type=\"container\">\n\t\t\t\t<div class=\"elementor-element elementor-element-2261f49 elementor-widget elementor-widget-heading\" data-id=\"2261f49\" data-element_type=\"widget\" data-e-type=\"widget\" data-widget_type=\"heading.default\">\n\t\t\t\t\t<h2 class=\"elementor-heading-title elementor-size-default\">I nostri bot AI avanzati <\/h2>\t\t\t\t<\/div>\n\t\t\t\t<div class=\"elementor-element elementor-element-fcabab5 elementor-widget__width-initial elementor-widget elementor-widget-text-editor\" data-id=\"fcabab5\" data-element_type=\"widget\" data-e-type=\"widget\" data-widget_type=\"text-editor.default\">\n\t\t\t\t\t\t\t\t\t<p>I nostri bot AI avanzati sono il cuore della nostra piattaforma, meticolosamente progettati per analizzare grandi quantit\u00e0 di dati in tempo reale, individuare opportunit\u00e0 redditizie ed eseguire operazioni con velocit\u00e0 e precisione. Affinando continuamente i nostri algoritmi e sfruttando sofisticate tecniche di apprendimento automatico, garantiamo che i nostri bot possano adattarsi alle complessit\u00e0 dei mercati globali, offrendo prestazioni eccezionali e aiutandoti a rimanere all'avanguardia.<\/p>\t\t\t\t\t\t\t\t<\/div>\n\t\t\t\t<\/div>\n\t\t\t\t\t<\/div>\n\t\t\t\t<\/div>\n\t\t<div class=\"elementor-element elementor-element-c2f4cdf e-flex e-con-boxed e-con e-parent\" data-id=\"c2f4cdf\" data-element_type=\"container\" data-e-type=\"container\">\n\t\t\t\t\t<div class=\"e-con-inner\">\n\t\t<div class=\"elementor-element elementor-element-eeedbdb e-con-full e-flex e-con e-child\" data-id=\"eeedbdb\" data-element_type=\"container\" data-e-type=\"container\">\n\t\t\t\t<div class=\"elementor-element elementor-element-6c8161e elementor-widget elementor-widget-heading\" data-id=\"6c8161e\" data-element_type=\"widget\" data-e-type=\"widget\" data-widget_type=\"heading.default\">\n\t\t\t\t\t<h2 class=\"elementor-heading-title elementor-size-default\">La nostra visione\n<\/h2>\t\t\t\t<\/div>\n\t\t\t\t<div class=\"elementor-element elementor-element-5019c3c elementor-widget__width-initial elementor-widget elementor-widget-text-editor\" data-id=\"5019c3c\" data-element_type=\"widget\" data-e-type=\"widget\" data-widget_type=\"text-editor.default\">\n\t\t\t\t\t\t\t\t\t<p>Immaginiamo un futuro in cui l'automazione intelligente democratizza l'accesso ai mercati finanziari mondiali, dando a persone di ogni estrazione gli strumenti per avere successo. In Bitcoineer, crediamo che la tecnologia dovrebbe dare potere a tutti, indipendentemente dall'esperienza, per sfruttare il potere dei mercati globali e sbloccare il potenziale per la crescita finanziaria.<\/p>\t\t\t\t\t\t\t\t<\/div>\n\t\t\t\t<\/div>\n\t\t<div class=\"elementor-element elementor-element-434ca4d e-con-full e-flex e-con e-child\" data-id=\"434ca4d\" data-element_type=\"container\" data-e-type=\"container\">\n\t\t\t\t<div class=\"elementor-element elementor-element-71c971e elementor-widget elementor-widget-image\" data-id=\"71c971e\" data-element_type=\"widget\" data-e-type=\"widget\" data-widget_type=\"image.default\">\n\t\t\t\t\t\t\t\t\t\t\t\t\t\t\t<img decoding=\"async\" width=\"511\" height=\"329\" src=\"https:\/\/bitcoineer.biz\/wp-content\/uploads\/2024\/11\/bitcoin2.webp\" class=\"attachment-large size-large wp-image-657\" alt=\"Bitcoineer Official Website\" srcset=\"https:\/\/bitcoineer.biz\/wp-content\/uploads\/2024\/11\/bitcoin2.webp 511w, https:\/\/bitcoineer.biz\/wp-content\/uploads\/2024\/11\/bitcoin2-300x193.webp 300w\" sizes=\"(max-width: 511px) 100vw, 511px\" \/>\t\t\t\t\t\t\t\t\t\t\t\t\t\t\t<\/div>\n\t\t\t\t<\/div>\n\t\t\t\t\t<\/div>\n\t\t\t\t<\/div>\n\t\t<div class=\"elementor-element elementor-element-dae4f65 e-flex e-con-boxed e-con e-parent\" data-id=\"dae4f65\" data-element_type=\"container\" data-e-type=\"container\">\n\t\t\t\t\t<div class=\"e-con-inner\">\n\t\t\t\t<div class=\"elementor-element elementor-element-1b009b8 elementor-widget elementor-widget-spacer\" data-id=\"1b009b8\" data-element_type=\"widget\" data-e-type=\"widget\" data-widget_type=\"spacer.default\">\n\t\t\t\t\t\t\t<div class=\"elementor-spacer\">\n\t\t\t<div class=\"elementor-spacer-inner\"><\/div>\n\t\t<\/div>\n\t\t\t\t\t\t<\/div>\n\t\t<div class=\"elementor-element elementor-element-a405079 e-con-full e-flex e-con e-child\" data-id=\"a405079\" data-element_type=\"container\" data-e-type=\"container\" data-settings=\"{&quot;background_background&quot;:&quot;gradient&quot;}\">\n\t\t\t\t<div class=\"elementor-element elementor-element-c4934f4 elementor-widget__width-initial elementor-widget-mobile__width-initial elementor-widget elementor-widget-text-editor\" data-id=\"c4934f4\" data-element_type=\"widget\" data-e-type=\"widget\" data-widget_type=\"text-editor.default\">\n\t\t\t\t\t\t\t\t\t<p>La nostra missione \u00e8 rendere il trading pi\u00f9 accessibile, efficiente e redditizio per tutti e siamo spinti dalla convinzione che l'innovazione basata sull'intelligenza artificiale possa creare condizioni di parit\u00e0, consentendo a chiunque di sfruttare le opportunit\u00e0 che il mondo finanziario ha da offrire.<\/p>\t\t\t\t\t\t\t\t<\/div>\n\t\t\t\t<div class=\"elementor-element elementor-element-45acfac elementor-widget__width-initial elementor-widget-mobile__width-initial elementor-widget elementor-widget-image\" data-id=\"45acfac\" data-element_type=\"widget\" data-e-type=\"widget\" data-widget_type=\"image.default\">\n\t\t\t\t\t\t\t\t\t\t\t\t\t\t\t<img decoding=\"async\" width=\"450\" height=\"450\" src=\"https:\/\/bitcoineer.biz\/wp-content\/uploads\/2024\/11\/mission.webp\" class=\"attachment-large size-large wp-image-797\" alt=\"bitcoineer trading\" srcset=\"https:\/\/bitcoineer.biz\/wp-content\/uploads\/2024\/11\/mission.webp 450w, https:\/\/bitcoineer.biz\/wp-content\/uploads\/2024\/11\/mission-300x300.webp 300w, https:\/\/bitcoineer.biz\/wp-content\/uploads\/2024\/11\/mission-150x150.webp 150w\" sizes=\"(max-width: 450px) 100vw, 450px\" \/>\t\t\t\t\t\t\t\t\t\t\t\t\t\t\t<\/div>\n\t\t\t\t<\/div>\n\t\t\t\t<div class=\"elementor-element elementor-element-a27edd2 elementor-widget elementor-widget-spacer\" data-id=\"a27edd2\" data-element_type=\"widget\" data-e-type=\"widget\" data-widget_type=\"spacer.default\">\n\t\t\t\t\t\t\t<div class=\"elementor-spacer\">\n\t\t\t<div class=\"elementor-spacer-inner\"><\/div>\n\t\t<\/div>\n\t\t\t\t\t\t<\/div>\n\t\t\t\t\t<\/div>\n\t\t\t\t<\/div>\n\t\t\t\t<\/div>","protected":false},"excerpt":{"rendered":"<p>About Us \u2013 Bitcoineer At Bitcoineer, we are passionate about revolutionizing the financial markets by blending cutting-edge artificial intelligence with human expertise. Our dedicated team of experienced traders and innovative AI engineers have come together to build a platform that empowers individuals to trade confidently and profitably in the ever-evolving cryptocurrency landscape. Our advanced AI [&hellip;]<\/p>\n","protected":false},"author":1,"featured_media":0,"parent":0,"menu_order":0,"comment_status":"closed","ping_status":"closed","template":"","meta":{"footnotes":""},"class_list":["post-15","page","type-page","status-publish","hentry"],"_links":{"self":[{"href":"https:\/\/bitcoineer.biz\/it\/wp-json\/wp\/v2\/pages\/15","targetHints":{"allow":["GET"]}}],"collection":[{"href":"https:\/\/bitcoineer.biz\/it\/wp-json\/wp\/v2\/pages"}],"about":[{"href":"https:\/\/bitcoineer.biz\/it\/wp-json\/wp\/v2\/types\/page"}],"author":[{"embeddable":true,"href":"https:\/\/bitcoineer.biz\/it\/wp-json\/wp\/v2\/users\/1"}],"replies":[{"embeddable":true,"href":"https:\/\/bitcoineer.biz\/it\/wp-json\/wp\/v2\/comments?post=15"}],"version-history":[{"count":0,"href":"https:\/\/bitcoineer.biz\/it\/wp-json\/wp\/v2\/pages\/15\/revisions"}],"wp:attachment":[{"href":"https:\/\/bitcoineer.biz\/it\/wp-json\/wp\/v2\/media?parent=15"}],"curies":[{"name":"wp","href":"https:\/\/api.w.org\/{rel}","templated":true}]}}