{"id":19,"date":"2024-11-27T13:12:22","date_gmt":"2024-11-27T13:12:22","guid":{"rendered":"https:\/\/bitcoineer.biz\/?page_id=19"},"modified":"2025-12-15T07:40:45","modified_gmt":"2025-12-15T07:40:45","slug":"politica-de-privacidad","status":"publish","type":"page","link":"https:\/\/bitcoineer.biz\/es\/privacy-policy\/","title":{"rendered":"pol\u00edtica de privacidad"},"content":{"rendered":"<div data-elementor-type=\"wp-page\" data-elementor-id=\"19\" class=\"elementor elementor-19\" data-elementor-post-type=\"page\">\n\t\t\t\t<div class=\"elementor-element elementor-element-1cd66af e-flex e-con-boxed e-con e-parent\" data-id=\"1cd66af\" data-element_type=\"container\" data-e-type=\"container\">\n\t\t\t\t\t<div class=\"e-con-inner\">\n\t\t\t\t<div class=\"elementor-element elementor-element-c52caa6 elementor-widget elementor-widget-heading\" data-id=\"c52caa6\" data-element_type=\"widget\" data-e-type=\"widget\" data-widget_type=\"heading.default\">\n\t\t\t\t\t<h1 class=\"elementor-heading-title elementor-size-default\">pol\u00edtica de privacidad\n<\/h1>\t\t\t\t<\/div>\n\t\t\t\t<div class=\"elementor-element elementor-element-5b43a71 elementor-widget elementor-widget-text-editor\" data-id=\"5b43a71\" data-element_type=\"widget\" data-e-type=\"widget\" data-widget_type=\"text-editor.default\">\n\t\t\t\t\t\t\t\t\tEsta pol\u00edtica de privacidad se aplica a\u00a0<strong>Bitcoineer<\/strong>\u00a0(en adelante, la \u201cAplicaci\u00f3n\u201d) para dispositivos m\u00f3viles (en adelante, el \u201cProveedor de servicios\u201d) como servicio gratuito. Este servicio est\u00e1 destinado a utilizarse \u201cTAL CUAL\u201d.\t\t\t\t\t\t\t\t<\/div>\n\t\t\t\t<div class=\"elementor-element elementor-element-01c3d3a elementor-widget elementor-widget-heading\" data-id=\"01c3d3a\" data-element_type=\"widget\" data-e-type=\"widget\" data-widget_type=\"heading.default\">\n\t\t\t\t\t<h2 class=\"elementor-heading-title elementor-size-default\">Informaci\u00f3n que recopilamos\n<\/h2>\t\t\t\t<\/div>\n\t\t\t\t<div class=\"elementor-element elementor-element-bfa2c87 elementor-widget elementor-widget-text-editor\" data-id=\"bfa2c87\" data-element_type=\"widget\" data-e-type=\"widget\" data-widget_type=\"text-editor.default\">\n\t\t\t\t\t\t\t\t\tLa informaci\u00f3n personal que se le solicita y las razones por las que se le solicita que la proporcione se le explicar\u00e1n en el momento en que le solicitemos que proporcione su informaci\u00f3n personal. Si se comunica con nosotros directamente, es posible que recibamos informaci\u00f3n adicional sobre usted, como su nombre, direcci\u00f3n de correo electr\u00f3nico, n\u00famero de tel\u00e9fono, el contenido del mensaje y\/o los archivos adjuntos que nos env\u00ede y cualquier otra informaci\u00f3n que elija proporcionar. Cuando se registra para obtener una cuenta, es posible que le pidamos su informaci\u00f3n de contacto, incluidos elementos como el nombre, el nombre de la empresa, la direcci\u00f3n, la direcci\u00f3n de correo electr\u00f3nico y el n\u00famero de tel\u00e9fono.\n\n\t\t\t\t\t\t\t\t<\/div>\n\t\t\t\t<div class=\"elementor-element elementor-element-660e0eb elementor-widget elementor-widget-heading\" data-id=\"660e0eb\" data-element_type=\"widget\" data-e-type=\"widget\" data-widget_type=\"heading.default\">\n\t\t\t\t\t<h2 class=\"elementor-heading-title elementor-size-default\">Recopilaci\u00f3n y uso de informaci\u00f3n\n<\/h2>\t\t\t\t<\/div>\n\t\t\t\t<div class=\"elementor-element elementor-element-5a38144 elementor-widget elementor-widget-text-editor\" data-id=\"5a38144\" data-element_type=\"widget\" data-e-type=\"widget\" data-widget_type=\"text-editor.default\">\n\t\t\t\t\t\t\t\t\t<p>La Aplicaci\u00f3n recopila informaci\u00f3n cuando la descargas y la utilizas. Esta informaci\u00f3n puede incluir informaci\u00f3n como:<\/p><ul><li>La direcci\u00f3n de protocolo de Internet de su dispositivo (por ejemplo, direcci\u00f3n IP)<\/li><li>El tiempo dedicado a la Aplicaci\u00f3n<\/li><li>El sistema operativo que utilizas en tu dispositivo m\u00f3vil\u00a0<\/li><\/ul><p>La Aplicaci\u00f3n no recopila informaci\u00f3n precisa sobre la ubicaci\u00f3n de su dispositivo m\u00f3vil.\u00a0<\/p><p>El Proveedor de Servicios podr\u00e1 utilizar la informaci\u00f3n que usted proporcion\u00f3 para contactarlo de vez en cuando para brindarle informaci\u00f3n importante, avisos requeridos y promociones de marketing.<\/p><p>Para una mejor experiencia, al utilizar la Aplicaci\u00f3n, el Proveedor de Servicios puede solicitarle que nos proporcione cierta informaci\u00f3n de identificaci\u00f3n personal, que incluye, entre otros, Nombre, Apellido, Correo electr\u00f3nico y N\u00famero de tel\u00e9fono. La informaci\u00f3n que solicite el Proveedor de Servicios ser\u00e1 retenida por ellos y utilizada como se describe en esta pol\u00edtica de privacidad.<\/p>\t\t\t\t\t\t\t\t<\/div>\n\t\t\t\t<div class=\"elementor-element elementor-element-6fa5c5b elementor-widget elementor-widget-heading\" data-id=\"6fa5c5b\" data-element_type=\"widget\" data-e-type=\"widget\" data-widget_type=\"heading.default\">\n\t\t\t\t\t<h2 class=\"elementor-heading-title elementor-size-default\">Acceso de terceros\n<\/h2>\t\t\t\t<\/div>\n\t\t\t\t<div class=\"elementor-element elementor-element-dcd33e5 elementor-widget elementor-widget-text-editor\" data-id=\"dcd33e5\" data-element_type=\"widget\" data-e-type=\"widget\" data-widget_type=\"text-editor.default\">\n\t\t\t\t\t\t\t\t\t<ul><li>Only aggregated, anonymized data is periodically transmitted to external services to aid the Service Provider in improving the Application and their service. The Service Provider may share your information with third parties in the ways that are described in this privacy statement. Please note that the Application utilizes third-party services that have their own Privacy Policy about handling data. Below are the links to the Privacy Policy of the third-party service providers used by the Application:<ul><li><a href=\"https:\/\/www.google.com\/policies\/privacy\/\" target=\"_blank\" rel=\"noopener\">Servicios de Google Play<\/a><\/li><\/ul>El Proveedor de Servicios podr\u00e1 divulgar la Informaci\u00f3n Provista por el Usuario y Recopilada Autom\u00e1ticamente:<ul><li>seg\u00fan lo requiera la ley, como para cumplir con una citaci\u00f3n o un proceso legal similar;<\/li><li>cuando creen de buena fe que la divulgaci\u00f3n es necesaria para proteger sus derechos, proteger su seguridad o la seguridad de otros, investigar un fraude o responder a una solicitud del gobierno;<\/li><li>con sus proveedores de servicios de confianza que trabajan en su nombre, no tienen un uso independiente de la informaci\u00f3n que les divulgamos y han acordado cumplir con las reglas establecidas en esta declaraci\u00f3n de privacidad.<\/li><\/ul><\/li><\/ul>\t\t\t\t\t\t\t\t<\/div>\n\t\t\t\t<div class=\"elementor-element elementor-element-a1f3053 elementor-widget elementor-widget-heading\" data-id=\"a1f3053\" data-element_type=\"widget\" data-e-type=\"widget\" data-widget_type=\"heading.default\">\n\t\t\t\t\t<h2 class=\"elementor-heading-title elementor-size-default\">Derechos de exclusi\u00f3n voluntaria\n<\/h2>\t\t\t\t<\/div>\n\t\t\t\t<div class=\"elementor-element elementor-element-3c46741 elementor-widget elementor-widget-text-editor\" data-id=\"3c46741\" data-element_type=\"widget\" data-e-type=\"widget\" data-widget_type=\"text-editor.default\">\n\t\t\t\t\t\t\t\t\tPuede detener f\u00e1cilmente la recopilaci\u00f3n de informaci\u00f3n por parte de la Aplicaci\u00f3n desinstal\u00e1ndola. Puede utilizar los procesos de desinstalaci\u00f3n est\u00e1ndar que est\u00e9n disponibles en su dispositivo m\u00f3vil o a trav\u00e9s de la tienda o red de aplicaciones m\u00f3viles.\n\n\t\t\t\t\t\t\t\t<\/div>\n\t\t\t\t<div class=\"elementor-element elementor-element-b54b0d4 elementor-widget elementor-widget-heading\" data-id=\"b54b0d4\" data-element_type=\"widget\" data-e-type=\"widget\" data-widget_type=\"heading.default\">\n\t\t\t\t\t<h2 class=\"elementor-heading-title elementor-size-default\">Pol\u00edtica de retenci\u00f3n de datos\n<\/h2>\t\t\t\t<\/div>\n\t\t\t\t<div class=\"elementor-element elementor-element-ada27ce elementor-widget elementor-widget-text-editor\" data-id=\"ada27ce\" data-element_type=\"widget\" data-e-type=\"widget\" data-widget_type=\"text-editor.default\">\n\t\t\t\t\t\t\t\t\tThe Service Provider will retain User Provided data for as long as you use the Application and for a reasonable time thereafter. If you\u2019d like them to delete User Provided Data that you have provided via the Application, please contact them at support@bitcoineer.biz and they will respond in a reasonable time.\n\t\t\t\t\t\t\t\t<\/div>\n\t\t\t\t<div class=\"elementor-element elementor-element-fcc8a79 elementor-widget elementor-widget-heading\" data-id=\"fcc8a79\" data-element_type=\"widget\" data-e-type=\"widget\" data-widget_type=\"heading.default\">\n\t\t\t\t\t<h2 class=\"elementor-heading-title elementor-size-default\">Ni\u00f1os<\/h2>\t\t\t\t<\/div>\n\t\t\t\t<div class=\"elementor-element elementor-element-6f679e9 elementor-widget elementor-widget-text-editor\" data-id=\"6f679e9\" data-element_type=\"widget\" data-e-type=\"widget\" data-widget_type=\"text-editor.default\">\n\t\t\t\t\t\t\t\t\t<p>El Proveedor de Servicios no utiliza la Aplicaci\u00f3n para solicitar deliberadamente datos de ni\u00f1os menores de 18 a\u00f1os ni comercializar con ellos.<\/p><p>La Aplicaci\u00f3n no est\u00e1 dirigida a ninguna persona menor de 18 a\u00f1os. El Proveedor de Servicios no recopila deliberadamente informaci\u00f3n de identificaci\u00f3n personal de ni\u00f1os menores de 18 a\u00f1os. En caso de que el Proveedor de Servicios descubra que un ni\u00f1o menor de 18 a\u00f1os ha proporcionado informaci\u00f3n personal, el Proveedor de Servicios eliminar\u00e1 inmediatamente dicha informaci\u00f3n de sus servidores. Si usted es padre o tutor y sabe que su hijo nos ha proporcionado informaci\u00f3n personal, comun\u00edquese con el Proveedor de Servicios (support@bitcoineer.com) para que puedan tomar las medidas necesarias.<\/p>\t\t\t\t\t\t\t\t<\/div>\n\t\t\t\t<div class=\"elementor-element elementor-element-f4d8328 elementor-widget elementor-widget-heading\" data-id=\"f4d8328\" data-element_type=\"widget\" data-e-type=\"widget\" data-widget_type=\"heading.default\">\n\t\t\t\t\t<h2 class=\"elementor-heading-title elementor-size-default\">Seguridad\n<\/h2>\t\t\t\t<\/div>\n\t\t\t\t<div class=\"elementor-element elementor-element-05f47b1 elementor-widget elementor-widget-text-editor\" data-id=\"05f47b1\" data-element_type=\"widget\" data-e-type=\"widget\" data-widget_type=\"text-editor.default\">\n\t\t\t\t\t\t\t\t\tEl Proveedor de Servicios se preocupa por salvaguardar la confidencialidad de su informaci\u00f3n. El Proveedor de Servicios proporciona salvaguardas f\u00edsicas, electr\u00f3nicas y de procedimiento para proteger la informaci\u00f3n que procesa y mantiene.\n\n\t\t\t\t\t\t\t\t<\/div>\n\t\t\t\t<div class=\"elementor-element elementor-element-d77355e elementor-widget elementor-widget-heading\" data-id=\"d77355e\" data-element_type=\"widget\" data-e-type=\"widget\" data-widget_type=\"heading.default\">\n\t\t\t\t\t<h2 class=\"elementor-heading-title elementor-size-default\">Cambios\n<\/h2>\t\t\t\t<\/div>\n\t\t\t\t<div class=\"elementor-element elementor-element-c6b6a17 elementor-widget elementor-widget-text-editor\" data-id=\"c6b6a17\" data-element_type=\"widget\" data-e-type=\"widget\" data-widget_type=\"text-editor.default\">\n\t\t\t\t\t\t\t\t\tEsta Pol\u00edtica de privacidad puede actualizarse de vez en cuando por cualquier motivo. El Proveedor de servicios le notificar\u00e1 cualquier cambio en la Pol\u00edtica de privacidad actualizando esta p\u00e1gina con la nueva Pol\u00edtica de privacidad. Se recomienda consultar esta Pol\u00edtica de privacidad peri\u00f3dicamente para conocer los cambios, ya que el uso continuo se considera la aprobaci\u00f3n de todos los cambios.\n\n\t\t\t\t\t\t\t\t<\/div>\n\t\t\t\t<div class=\"elementor-element elementor-element-eb5a282 elementor-widget elementor-widget-heading\" data-id=\"eb5a282\" data-element_type=\"widget\" data-e-type=\"widget\" data-widget_type=\"heading.default\">\n\t\t\t\t\t<h2 class=\"elementor-heading-title elementor-size-default\">Su consentimiento\n<\/h2>\t\t\t\t<\/div>\n\t\t\t\t<div class=\"elementor-element elementor-element-d497d6a elementor-widget elementor-widget-text-editor\" data-id=\"d497d6a\" data-element_type=\"widget\" data-e-type=\"widget\" data-widget_type=\"text-editor.default\">\n\t\t\t\t\t\t\t\t\tAl utilizar la Aplicaci\u00f3n, usted acepta el procesamiento de su informaci\u00f3n tal como se establece en esta Pol\u00edtica de Privacidad ahora y seg\u00fan sea modificada por nosotros.\n\n\t\t\t\t\t\t\t\t<\/div>\n\t\t\t\t<div class=\"elementor-element elementor-element-f977940 elementor-widget elementor-widget-heading\" data-id=\"f977940\" data-element_type=\"widget\" data-e-type=\"widget\" data-widget_type=\"heading.default\">\n\t\t\t\t\t<h2 class=\"elementor-heading-title elementor-size-default\">Contacta con nosotros\n<\/h2>\t\t\t\t<\/div>\n\t\t\t\t<div class=\"elementor-element elementor-element-d139027 elementor-widget elementor-widget-text-editor\" data-id=\"d139027\" data-element_type=\"widget\" data-e-type=\"widget\" data-widget_type=\"text-editor.default\">\n\t\t\t\t\t\t\t\t\t<p>Si tiene alguna pregunta sobre la privacidad mientras usa la Aplicaci\u00f3n, o tiene preguntas sobre las pr\u00e1cticas, comun\u00edquese con el Proveedor de Servicios por correo electr\u00f3nico a <a href=\"mailto:support@bitcoineer.biz\"><strong>support@bitcoineer.biz<\/strong><\/a><\/p>\t\t\t\t\t\t\t\t<\/div>\n\t\t\t\t\t<\/div>\n\t\t\t\t<\/div>\n\t\t\t\t<\/div>","protected":false},"excerpt":{"rendered":"<p>Privacy Policy This privacy policy applies to the\u00a0Bitcoineer\u00a0(hereby referred to as \u201cApplication\u201d) for mobile devices (hereby referred to as \u201cService Provider\u201d) as a Free service. This service is intended for use \u201cAS IS\u201d. Information we collect The personal information that you are asked to provide, and the reasons why you are asked to provide it, [&hellip;]<\/p>\n","protected":false},"author":1,"featured_media":0,"parent":0,"menu_order":0,"comment_status":"closed","ping_status":"closed","template":"","meta":{"footnotes":""},"class_list":["post-19","page","type-page","status-publish","hentry"],"_links":{"self":[{"href":"https:\/\/bitcoineer.biz\/es\/wp-json\/wp\/v2\/pages\/19","targetHints":{"allow":["GET"]}}],"collection":[{"href":"https:\/\/bitcoineer.biz\/es\/wp-json\/wp\/v2\/pages"}],"about":[{"href":"https:\/\/bitcoineer.biz\/es\/wp-json\/wp\/v2\/types\/page"}],"author":[{"embeddable":true,"href":"https:\/\/bitcoineer.biz\/es\/wp-json\/wp\/v2\/users\/1"}],"replies":[{"embeddable":true,"href":"https:\/\/bitcoineer.biz\/es\/wp-json\/wp\/v2\/comments?post=19"}],"version-history":[{"count":0,"href":"https:\/\/bitcoineer.biz\/es\/wp-json\/wp\/v2\/pages\/19\/revisions"}],"wp:attachment":[{"href":"https:\/\/bitcoineer.biz\/es\/wp-json\/wp\/v2\/media?parent=19"}],"curies":[{"name":"wp","href":"https:\/\/api.w.org\/{rel}","templated":true}]}}