{"id":19,"date":"2024-11-27T13:12:22","date_gmt":"2024-11-27T13:12:22","guid":{"rendered":"https:\/\/bitcoineer.biz\/?page_id=19"},"modified":"2025-12-15T07:40:45","modified_gmt":"2025-12-15T07:40:45","slug":"datenschutzrichtlinie","status":"publish","type":"page","link":"https:\/\/bitcoineer.biz\/de\/privacy-policy\/","title":{"rendered":"Datenschutzrichtlinie"},"content":{"rendered":"<div data-elementor-type=\"wp-page\" data-elementor-id=\"19\" class=\"elementor elementor-19\" data-elementor-post-type=\"page\">\n\t\t\t\t<div class=\"elementor-element elementor-element-1cd66af e-flex e-con-boxed e-con e-parent\" data-id=\"1cd66af\" data-element_type=\"container\" data-e-type=\"container\">\n\t\t\t\t\t<div class=\"e-con-inner\">\n\t\t\t\t<div class=\"elementor-element elementor-element-c52caa6 elementor-widget elementor-widget-heading\" data-id=\"c52caa6\" data-element_type=\"widget\" data-e-type=\"widget\" data-widget_type=\"heading.default\">\n\t\t\t\t\t<h1 class=\"elementor-heading-title elementor-size-default\">Datenschutzrichtlinie\n<\/h1>\t\t\t\t<\/div>\n\t\t\t\t<div class=\"elementor-element elementor-element-5b43a71 elementor-widget elementor-widget-text-editor\" data-id=\"5b43a71\" data-element_type=\"widget\" data-e-type=\"widget\" data-widget_type=\"text-editor.default\">\n\t\t\t\t\t\t\t\t\tDiese Datenschutzrichtlinie gilt f\u00fcr die\u00a0<strong>Bitcoineer<\/strong>\u00a0(im Folgenden \u201eAnwendung\u201c genannt) f\u00fcr mobile Ger\u00e4te (im Folgenden \u201eDienstanbieter\u201c genannt) als kostenloser Dienst. Dieser Dienst ist f\u00fcr die Verwendung \u201eWIE BESEHEN\u201c vorgesehen.\t\t\t\t\t\t\t\t<\/div>\n\t\t\t\t<div class=\"elementor-element elementor-element-01c3d3a elementor-widget elementor-widget-heading\" data-id=\"01c3d3a\" data-element_type=\"widget\" data-e-type=\"widget\" data-widget_type=\"heading.default\">\n\t\t\t\t\t<h2 class=\"elementor-heading-title elementor-size-default\">Von uns erfasste Informationen\n<\/h2>\t\t\t\t<\/div>\n\t\t\t\t<div class=\"elementor-element elementor-element-bfa2c87 elementor-widget elementor-widget-text-editor\" data-id=\"bfa2c87\" data-element_type=\"widget\" data-e-type=\"widget\" data-widget_type=\"text-editor.default\">\n\t\t\t\t\t\t\t\t\tDie pers\u00f6nlichen Daten, die Sie angeben m\u00fcssen, und die Gr\u00fcnde, warum Sie dazu aufgefordert werden, werden Ihnen zum Zeitpunkt der Aufforderung zur Angabe Ihrer pers\u00f6nlichen Daten klar mitgeteilt. Wenn Sie uns direkt kontaktieren, erhalten wir m\u00f6glicherweise zus\u00e4tzliche Informationen \u00fcber Sie, wie Ihren Namen, Ihre E-Mail-Adresse, Ihre Telefonnummer, den Inhalt der Nachricht und\/oder Anh\u00e4nge, die Sie uns senden, und alle anderen Informationen, die Sie uns m\u00f6glicherweise zur Verf\u00fcgung stellen. Wenn Sie sich f\u00fcr ein Konto registrieren, fragen wir Sie m\u00f6glicherweise nach Ihren Kontaktinformationen, einschlie\u00dflich Angaben wie Name, Firmenname, Adresse, E-Mail-Adresse und Telefonnummer.\n\n\t\t\t\t\t\t\t\t<\/div>\n\t\t\t\t<div class=\"elementor-element elementor-element-660e0eb elementor-widget elementor-widget-heading\" data-id=\"660e0eb\" data-element_type=\"widget\" data-e-type=\"widget\" data-widget_type=\"heading.default\">\n\t\t\t\t\t<h2 class=\"elementor-heading-title elementor-size-default\">Erfassung und Verwendung von Informationen\n<\/h2>\t\t\t\t<\/div>\n\t\t\t\t<div class=\"elementor-element elementor-element-5a38144 elementor-widget elementor-widget-text-editor\" data-id=\"5a38144\" data-element_type=\"widget\" data-e-type=\"widget\" data-widget_type=\"text-editor.default\">\n\t\t\t\t\t\t\t\t\t<p>Die Anwendung sammelt Informationen, wenn Sie sie herunterladen und verwenden. Diese Informationen k\u00f6nnen Informationen enthalten wie<\/p><ul><li>Die Internetprotokolladresse Ihres Ger\u00e4ts (z. B. IP-Adresse)<\/li><li>Der Zeitaufwand f\u00fcr die Bewerbung<\/li><li>Das Betriebssystem, das Sie auf Ihrem Mobilger\u00e4t verwenden\u00a0<\/li><\/ul><p>Die Anwendung sammelt keine genauen Informationen \u00fcber den Standort Ihres Mobilger\u00e4ts.\u00a0<\/p><p>Der Dienstanbieter kann die von Ihnen bereitgestellten Informationen verwenden, um Sie von Zeit zu Zeit zu kontaktieren und Ihnen wichtige Informationen, erforderliche Mitteilungen und Marketingaktionen zukommen zu lassen.<\/p><p>Um Ihnen bei der Nutzung der Anwendung ein besseres Erlebnis zu bieten, kann der Dienstanbieter von Ihnen verlangen, uns bestimmte personenbezogene Daten mitzuteilen, darunter, aber nicht beschr\u00e4nkt auf, Vorname, Nachname, E-Mail-Adresse und Telefonnummer. Die vom Dienstanbieter angeforderten Informationen werden von ihm gespeichert und wie in dieser Datenschutzrichtlinie beschrieben verwendet.<\/p>\t\t\t\t\t\t\t\t<\/div>\n\t\t\t\t<div class=\"elementor-element elementor-element-6fa5c5b elementor-widget elementor-widget-heading\" data-id=\"6fa5c5b\" data-element_type=\"widget\" data-e-type=\"widget\" data-widget_type=\"heading.default\">\n\t\t\t\t\t<h2 class=\"elementor-heading-title elementor-size-default\">Zugriff durch Dritte\n<\/h2>\t\t\t\t<\/div>\n\t\t\t\t<div class=\"elementor-element elementor-element-dcd33e5 elementor-widget elementor-widget-text-editor\" data-id=\"dcd33e5\" data-element_type=\"widget\" data-e-type=\"widget\" data-widget_type=\"text-editor.default\">\n\t\t\t\t\t\t\t\t\t<ul><li>Only aggregated, anonymized data is periodically transmitted to external services to aid the Service Provider in improving the Application and their service. The Service Provider may share your information with third parties in the ways that are described in this privacy statement. Please note that the Application utilizes third-party services that have their own Privacy Policy about handling data. Below are the links to the Privacy Policy of the third-party service providers used by the Application:<ul><li><a href=\"https:\/\/www.google.com\/policies\/privacy\/\" target=\"_blank\" rel=\"noopener\">Google Play-Dienste<\/a><\/li><\/ul>Der Dienstanbieter kann vom Benutzer bereitgestellte und automatisch erfasste Informationen offenlegen:<ul><li>wie gesetzlich vorgeschrieben, beispielsweise um einer Vorladung oder einem \u00e4hnlichen Rechtsverfahren nachzukommen;<\/li><li>wenn sie in gutem Glauben davon ausgehen, dass die Offenlegung zum Schutz ihrer Rechte, zum Schutz Ihrer Sicherheit oder der Sicherheit anderer, zur Untersuchung von Betrugsf\u00e4llen oder zur Beantwortung einer beh\u00f6rdlichen Anfrage erforderlich ist;<\/li><li>mit ihren vertrauensw\u00fcrdigen Dienstleistern, die in ihrem Auftrag arbeiten, keinen eigenst\u00e4ndigen Gebrauch von den Informationen machen, die wir ihnen offenlegen, und sich bereit erkl\u00e4rt haben, die in dieser Datenschutzerkl\u00e4rung dargelegten Regeln einzuhalten.<\/li><\/ul><\/li><\/ul>\t\t\t\t\t\t\t\t<\/div>\n\t\t\t\t<div class=\"elementor-element elementor-element-a1f3053 elementor-widget elementor-widget-heading\" data-id=\"a1f3053\" data-element_type=\"widget\" data-e-type=\"widget\" data-widget_type=\"heading.default\">\n\t\t\t\t\t<h2 class=\"elementor-heading-title elementor-size-default\">Opt-Out-Rechte\n<\/h2>\t\t\t\t<\/div>\n\t\t\t\t<div class=\"elementor-element elementor-element-3c46741 elementor-widget elementor-widget-text-editor\" data-id=\"3c46741\" data-element_type=\"widget\" data-e-type=\"widget\" data-widget_type=\"text-editor.default\">\n\t\t\t\t\t\t\t\t\tSie k\u00f6nnen die Erfassung aller Informationen durch die Anwendung ganz einfach stoppen, indem Sie sie deinstallieren. Sie k\u00f6nnen die standardm\u00e4\u00dfigen Deinstallationsprozesse verwenden, die m\u00f6glicherweise als Teil Ihres Mobilger\u00e4ts oder \u00fcber den Marktplatz oder das Netzwerk f\u00fcr mobile Anwendungen verf\u00fcgbar sind.\n\n\t\t\t\t\t\t\t\t<\/div>\n\t\t\t\t<div class=\"elementor-element elementor-element-b54b0d4 elementor-widget elementor-widget-heading\" data-id=\"b54b0d4\" data-element_type=\"widget\" data-e-type=\"widget\" data-widget_type=\"heading.default\">\n\t\t\t\t\t<h2 class=\"elementor-heading-title elementor-size-default\">Richtlinie zur Datenaufbewahrung\n<\/h2>\t\t\t\t<\/div>\n\t\t\t\t<div class=\"elementor-element elementor-element-ada27ce elementor-widget elementor-widget-text-editor\" data-id=\"ada27ce\" data-element_type=\"widget\" data-e-type=\"widget\" data-widget_type=\"text-editor.default\">\n\t\t\t\t\t\t\t\t\tThe Service Provider will retain User Provided data for as long as you use the Application and for a reasonable time thereafter. If you\u2019d like them to delete User Provided Data that you have provided via the Application, please contact them at support@bitcoineer.biz and they will respond in a reasonable time.\n\t\t\t\t\t\t\t\t<\/div>\n\t\t\t\t<div class=\"elementor-element elementor-element-fcc8a79 elementor-widget elementor-widget-heading\" data-id=\"fcc8a79\" data-element_type=\"widget\" data-e-type=\"widget\" data-widget_type=\"heading.default\">\n\t\t\t\t\t<h2 class=\"elementor-heading-title elementor-size-default\">Kinder<\/h2>\t\t\t\t<\/div>\n\t\t\t\t<div class=\"elementor-element elementor-element-6f679e9 elementor-widget elementor-widget-text-editor\" data-id=\"6f679e9\" data-element_type=\"widget\" data-e-type=\"widget\" data-widget_type=\"text-editor.default\">\n\t\t\t\t\t\t\t\t\t<p>Der Dienstanbieter nutzt die Anwendung nicht, um wissentlich Daten von Kindern unter 18 Jahren anzufordern oder an diese zu vermarkten.<\/p><p>Die Anwendung richtet sich nicht an Personen unter 18 Jahren. Der Dienstanbieter erfasst nicht wissentlich personenbezogene Daten von Kindern unter 18 Jahren. Sollte der Dienstanbieter feststellen, dass ein Kind unter 18 Jahren personenbezogene Daten bereitgestellt hat, l\u00f6scht der Dienstanbieter diese unverz\u00fcglich von seinen Servern. Wenn Sie ein Elternteil oder Erziehungsberechtigter sind und wissen, dass Ihr Kind uns personenbezogene Daten bereitgestellt hat, wenden Sie sich bitte an den Dienstanbieter (support@bitcoineer.com), damit dieser die erforderlichen Ma\u00dfnahmen ergreifen kann.<\/p>\t\t\t\t\t\t\t\t<\/div>\n\t\t\t\t<div class=\"elementor-element elementor-element-f4d8328 elementor-widget elementor-widget-heading\" data-id=\"f4d8328\" data-element_type=\"widget\" data-e-type=\"widget\" data-widget_type=\"heading.default\">\n\t\t\t\t\t<h2 class=\"elementor-heading-title elementor-size-default\">Sicherheit\n<\/h2>\t\t\t\t<\/div>\n\t\t\t\t<div class=\"elementor-element elementor-element-05f47b1 elementor-widget elementor-widget-text-editor\" data-id=\"05f47b1\" data-element_type=\"widget\" data-e-type=\"widget\" data-widget_type=\"text-editor.default\">\n\t\t\t\t\t\t\t\t\tDer Dienstanbieter legt Wert auf die Wahrung der Vertraulichkeit Ihrer Daten. Der Dienstanbieter bietet physische, elektronische und verfahrenstechnische Sicherheitsvorkehrungen zum Schutz der von ihm verarbeiteten und verwalteten Daten.\n\n\t\t\t\t\t\t\t\t<\/div>\n\t\t\t\t<div class=\"elementor-element elementor-element-d77355e elementor-widget elementor-widget-heading\" data-id=\"d77355e\" data-element_type=\"widget\" data-e-type=\"widget\" data-widget_type=\"heading.default\">\n\t\t\t\t\t<h2 class=\"elementor-heading-title elementor-size-default\">\u00c4nderungen\n<\/h2>\t\t\t\t<\/div>\n\t\t\t\t<div class=\"elementor-element elementor-element-c6b6a17 elementor-widget elementor-widget-text-editor\" data-id=\"c6b6a17\" data-element_type=\"widget\" data-e-type=\"widget\" data-widget_type=\"text-editor.default\">\n\t\t\t\t\t\t\t\t\tDiese Datenschutzrichtlinie kann von Zeit zu Zeit aus beliebigen Gr\u00fcnden aktualisiert werden. Der Dienstanbieter wird Sie \u00fcber alle \u00c4nderungen der Datenschutzrichtlinie informieren, indem er diese Seite mit der neuen Datenschutzrichtlinie aktualisiert. Es wird Ihnen empfohlen, diese Datenschutzrichtlinie regelm\u00e4\u00dfig auf \u00c4nderungen zu \u00fcberpr\u00fcfen, da die fortgesetzte Nutzung als Zustimmung zu allen \u00c4nderungen gilt.\n\n\t\t\t\t\t\t\t\t<\/div>\n\t\t\t\t<div class=\"elementor-element elementor-element-eb5a282 elementor-widget elementor-widget-heading\" data-id=\"eb5a282\" data-element_type=\"widget\" data-e-type=\"widget\" data-widget_type=\"heading.default\">\n\t\t\t\t\t<h2 class=\"elementor-heading-title elementor-size-default\">Ihr Einverst\u00e4ndnis\n<\/h2>\t\t\t\t<\/div>\n\t\t\t\t<div class=\"elementor-element elementor-element-d497d6a elementor-widget elementor-widget-text-editor\" data-id=\"d497d6a\" data-element_type=\"widget\" data-e-type=\"widget\" data-widget_type=\"text-editor.default\">\n\t\t\t\t\t\t\t\t\tIndem Sie die Anwendung verwenden, stimmen Sie der Verarbeitung Ihrer Daten gem\u00e4\u00df dieser aktuellen und von uns ge\u00e4nderten Datenschutzrichtlinie zu.\n\n\t\t\t\t\t\t\t\t<\/div>\n\t\t\t\t<div class=\"elementor-element elementor-element-f977940 elementor-widget elementor-widget-heading\" data-id=\"f977940\" data-element_type=\"widget\" data-e-type=\"widget\" data-widget_type=\"heading.default\">\n\t\t\t\t\t<h2 class=\"elementor-heading-title elementor-size-default\">Kontaktieren Sie uns\n<\/h2>\t\t\t\t<\/div>\n\t\t\t\t<div class=\"elementor-element elementor-element-d139027 elementor-widget elementor-widget-text-editor\" data-id=\"d139027\" data-element_type=\"widget\" data-e-type=\"widget\" data-widget_type=\"text-editor.default\">\n\t\t\t\t\t\t\t\t\t<p>Wenn Sie Fragen zum Datenschutz bei der Nutzung der Anwendung haben oder Fragen zu den Praktiken haben, wenden Sie sich bitte per E-Mail an den Dienstanbieter unter <a href=\"mailto:support@bitcoineer.biz\"><strong>support@bitcoineer.biz<\/strong><\/a><\/p>\t\t\t\t\t\t\t\t<\/div>\n\t\t\t\t\t<\/div>\n\t\t\t\t<\/div>\n\t\t\t\t<\/div>","protected":false},"excerpt":{"rendered":"<p>Privacy Policy This privacy policy applies to the\u00a0Bitcoineer\u00a0(hereby referred to as \u201cApplication\u201d) for mobile devices (hereby referred to as \u201cService Provider\u201d) as a Free service. This service is intended for use \u201cAS IS\u201d. Information we collect The personal information that you are asked to provide, and the reasons why you are asked to provide it, [&hellip;]<\/p>\n","protected":false},"author":1,"featured_media":0,"parent":0,"menu_order":0,"comment_status":"closed","ping_status":"closed","template":"","meta":{"footnotes":""},"class_list":["post-19","page","type-page","status-publish","hentry"],"_links":{"self":[{"href":"https:\/\/bitcoineer.biz\/de\/wp-json\/wp\/v2\/pages\/19","targetHints":{"allow":["GET"]}}],"collection":[{"href":"https:\/\/bitcoineer.biz\/de\/wp-json\/wp\/v2\/pages"}],"about":[{"href":"https:\/\/bitcoineer.biz\/de\/wp-json\/wp\/v2\/types\/page"}],"author":[{"embeddable":true,"href":"https:\/\/bitcoineer.biz\/de\/wp-json\/wp\/v2\/users\/1"}],"replies":[{"embeddable":true,"href":"https:\/\/bitcoineer.biz\/de\/wp-json\/wp\/v2\/comments?post=19"}],"version-history":[{"count":0,"href":"https:\/\/bitcoineer.biz\/de\/wp-json\/wp\/v2\/pages\/19\/revisions"}],"wp:attachment":[{"href":"https:\/\/bitcoineer.biz\/de\/wp-json\/wp\/v2\/media?parent=19"}],"curies":[{"name":"wp","href":"https:\/\/api.w.org\/{rel}","templated":true}]}}